{"id":86,"date":"2024-05-12T19:38:18","date_gmt":"2024-05-12T17:38:18","guid":{"rendered":"https:\/\/chemin-de-vie.be\/?page_id=86"},"modified":"2024-05-14T14:46:30","modified_gmt":"2024-05-14T12:46:30","slug":"runes","status":"publish","type":"page","link":"https:\/\/chemin-de-vie.be\/index.php\/runes\/","title":{"rendered":"Runes"},"content":{"rendered":"\n<h2 class=\"wp-block-heading\">Les Runes<\/h2>\n\n\n\n<blockquote class=\"wp-block-quote is-layout-flow wp-block-quote-is-layout-flow\">\n<p>Je sais que je pendis<\/p>\n\n\n\n<p>A l\u2019Arbre battu des vents,<br>Pendant neuf nuits pleines,<br>Navr\u00e9 d\u2019une lance<br>Et donn\u00e9 \u00e0 Odin,<br>Moi-m\u00eame \u00e0 moi-m\u00eame donn\u00e9.<br>A cet Arbre<br>Dont nul ne sait<br>D\u2019o\u00f9 proviennent les racines.<\/p>\n\n\n\n<p>Point de pain ne me remirent<br>Ni de coupe,<br>Je scrutai en dessous,<br>Je ramassai les runes,<br>Hurlant les ramassai,<br>De l\u00e0, je retombai.<\/p>\n\n\n\n<p>Neufs chants supr\u00eames<br>J\u2019appris du fils renomm\u00e9<br>de Bolthorn, p\u00e8re de Bestla,<br>Et je pus boire<br>Du pr\u00e9cieux hydromel<br>Puisa dans Odrerir.<\/p>\n\n\n\n<p>Alors, je me mis \u00e0 germer<br>Et \u00e0 savoir,<br>A cro\u00eetre et prosp\u00e9rer,<br>De parole en parole,<br>La parole me menait.<br>D\u2019acte en acte,<br>L\u2019acte me menait.<\/p>\n\n\n\n<p><\/p>\n<cite>Havamal, Chp V<\/cite><\/blockquote>\n","protected":false},"excerpt":{"rendered":"<p>Les Runes Je sais que je pendis A l\u2019Arbre battu des vents,Pendant neuf nuits pleines,Navr\u00e9 d\u2019une lanceEt donn\u00e9 \u00e0 Odin,Moi-m\u00eame \u00e0 moi-m\u00eame donn\u00e9.A cet ArbreDont nul ne saitD\u2019o\u00f9 proviennent les racines. Point de pain ne me remirentNi de coupe,Je scrutai en dessous,Je ramassai les runes,Hurlant les ramassai,De l\u00e0, je retombai. Neufs chants supr\u00eamesJ\u2019appris du fils [&hellip;]<\/p>\n","protected":false},"author":1,"featured_media":0,"parent":0,"menu_order":0,"comment_status":"closed","ping_status":"closed","template":"page-no-title","meta":{"footnotes":""},"class_list":["post-86","page","type-page","status-publish","hentry"],"_links":{"self":[{"href":"https:\/\/chemin-de-vie.be\/index.php\/wp-json\/wp\/v2\/pages\/86","targetHints":{"allow":["GET"]}}],"collection":[{"href":"https:\/\/chemin-de-vie.be\/index.php\/wp-json\/wp\/v2\/pages"}],"about":[{"href":"https:\/\/chemin-de-vie.be\/index.php\/wp-json\/wp\/v2\/types\/page"}],"author":[{"embeddable":true,"href":"https:\/\/chemin-de-vie.be\/index.php\/wp-json\/wp\/v2\/users\/1"}],"replies":[{"embeddable":true,"href":"https:\/\/chemin-de-vie.be\/index.php\/wp-json\/wp\/v2\/comments?post=86"}],"version-history":[{"count":10,"href":"https:\/\/chemin-de-vie.be\/index.php\/wp-json\/wp\/v2\/pages\/86\/revisions"}],"predecessor-version":[{"id":170,"href":"https:\/\/chemin-de-vie.be\/index.php\/wp-json\/wp\/v2\/pages\/86\/revisions\/170"}],"wp:attachment":[{"href":"https:\/\/chemin-de-vie.be\/index.php\/wp-json\/wp\/v2\/media?parent=86"}],"curies":[{"name":"wp","href":"https:\/\/api.w.org\/{rel}","templated":true}]}}