{"id":26,"date":"2024-05-12T17:38:10","date_gmt":"2024-05-12T15:38:10","guid":{"rendered":"https:\/\/chemin-de-vie.be\/?page_id=26"},"modified":"2024-05-12T22:20:50","modified_gmt":"2024-05-12T20:20:50","slug":"a-propos","status":"publish","type":"page","link":"https:\/\/chemin-de-vie.be\/index.php\/a-propos\/","title":{"rendered":"A propos"},"content":{"rendered":"\n<div class=\"wp-block-group alignfull has-accent-background-color has-background has-global-padding is-layout-constrained wp-container-core-group-is-layout-669513ed wp-block-group-is-layout-constrained\" style=\"margin-top:0;margin-bottom:0;padding-top:var(--wp--preset--spacing--50);padding-right:var(--wp--preset--spacing--50);padding-bottom:var(--wp--preset--spacing--50);padding-left:var(--wp--preset--spacing--50)\">\n<div class=\"wp-block-columns alignwide is-layout-flex wp-container-core-columns-is-layout-1da03c2a wp-block-columns-is-layout-flex\">\n<div class=\"wp-block-column is-vertically-aligned-stretch is-layout-flow wp-block-column-is-layout-flow\" style=\"flex-basis:50%\">\n<div class=\"wp-block-group is-vertical is-content-justification-stretch is-layout-flex wp-container-core-group-is-layout-444d5ee8 wp-block-group-is-layout-flex\" style=\"min-height:100%\">\n<figure class=\"wp-block-image size-full\"><img loading=\"lazy\" decoding=\"async\" width=\"960\" height=\"959\" src=\"https:\/\/chemin-de-vie.be\/wp-content\/uploads\/2024\/05\/anne.jpg\" alt=\"\" class=\"wp-image-30\" srcset=\"https:\/\/chemin-de-vie.be\/wp-content\/uploads\/2024\/05\/anne.jpg 960w, https:\/\/chemin-de-vie.be\/wp-content\/uploads\/2024\/05\/anne-300x300.jpg 300w, https:\/\/chemin-de-vie.be\/wp-content\/uploads\/2024\/05\/anne-150x150.jpg 150w, https:\/\/chemin-de-vie.be\/wp-content\/uploads\/2024\/05\/anne-768x767.jpg 768w\" sizes=\"auto, (max-width: 960px) 100vw, 960px\" \/><\/figure>\n<\/div>\n<\/div>\n\n\n\n<div class=\"wp-block-column is-vertically-aligned-center is-layout-flow wp-block-column-is-layout-flow\" style=\"flex-basis:50%\">\n<p>Anne Van de Vyver est install\u00e9e comme m\u00e9decin g\u00e9n\u00e9raliste \u00e0 Bruxelles depuis 1998.<br>Durant ses \u00e9tudes, elle a \u00e9t\u00e9 tr\u00e8s interpel\u00e9e par le fait que des patients gu\u00e9rissent parfois de maladies graves sans traitement.<br>La question centrale de toute sa pratique reste de comprendre ce qui fait qu\u2019une personne gu\u00e9rit.<br>Et puis, qu\u2019est-ce que la gu\u00e9rison ?<br>Toutes ces questions l\u2019ont men\u00e9e sur un chemin de sens, plus spirituel, parall\u00e8lement \u00e0 de merveilleuses rencontres et des recherches personnelles.<br>Elle s\u2019est form\u00e9e en hom\u00e9opathie, aromath\u00e9rapie, m\u00e9decine chinoise et acupuncture, planning familial naturel (m\u00e9thode Sensiplan) et magn\u00e9tisme humaniste.<br>Durant ses diverses formations en m\u00e9decine chinoise, elle a rencontr\u00e9 Diego Gavelli, qui lui a enseign\u00e9 le Yi Jing d\u2019une fa\u00e7on magistrale. C&#8217;est ce qui lui a donn\u00e9 envie de faire conna\u00eetre cet enseignement en Belgique. De l\u00e0 est n\u00e9e leur collaboration.<br>Apr\u00e8s la voie exot\u00e9rique, la voie du Yi Jing, des runes, et d\u2019autres encore, lui ont ouvert la voie \u00e9sot\u00e9rique, c\u2019est-\u00e0-dire de la connaissance de soi, la voie de l\u2019exp\u00e9rimentation personnelle, sur laquelle elle vous invite.<br><br>\u00ab\u00a0Connais-toi toi-m\u00eame et tu connaitras l&#8217;univers et les dieux\u00a0\u00bb, disait Socrate.<\/p>\n<\/div>\n<\/div>\n<\/div>\n\n\n","protected":false},"excerpt":{"rendered":"<p>Anne Van de Vyver est install\u00e9e comme m\u00e9decin g\u00e9n\u00e9raliste \u00e0 Bruxelles depuis 1998.Durant ses \u00e9tudes, elle a \u00e9t\u00e9 tr\u00e8s interpel\u00e9e par le fait que des patients gu\u00e9rissent parfois de maladies graves sans traitement.La question centrale de toute sa pratique reste de comprendre ce qui fait qu\u2019une personne gu\u00e9rit.Et puis, qu\u2019est-ce que la gu\u00e9rison ?Toutes ces [&hellip;]<\/p>\n","protected":false},"author":1,"featured_media":0,"parent":0,"menu_order":0,"comment_status":"closed","ping_status":"closed","template":"page-no-title","meta":{"footnotes":""},"class_list":["post-26","page","type-page","status-publish","hentry"],"_links":{"self":[{"href":"https:\/\/chemin-de-vie.be\/index.php\/wp-json\/wp\/v2\/pages\/26","targetHints":{"allow":["GET"]}}],"collection":[{"href":"https:\/\/chemin-de-vie.be\/index.php\/wp-json\/wp\/v2\/pages"}],"about":[{"href":"https:\/\/chemin-de-vie.be\/index.php\/wp-json\/wp\/v2\/types\/page"}],"author":[{"embeddable":true,"href":"https:\/\/chemin-de-vie.be\/index.php\/wp-json\/wp\/v2\/users\/1"}],"replies":[{"embeddable":true,"href":"https:\/\/chemin-de-vie.be\/index.php\/wp-json\/wp\/v2\/comments?post=26"}],"version-history":[{"count":5,"href":"https:\/\/chemin-de-vie.be\/index.php\/wp-json\/wp\/v2\/pages\/26\/revisions"}],"predecessor-version":[{"id":141,"href":"https:\/\/chemin-de-vie.be\/index.php\/wp-json\/wp\/v2\/pages\/26\/revisions\/141"}],"wp:attachment":[{"href":"https:\/\/chemin-de-vie.be\/index.php\/wp-json\/wp\/v2\/media?parent=26"}],"curies":[{"name":"wp","href":"https:\/\/api.w.org\/{rel}","templated":true}]}}