{"id":111,"date":"2024-05-12T21:02:43","date_gmt":"2024-05-12T19:02:43","guid":{"rendered":"https:\/\/chemin-de-vie.be\/?page_id=111"},"modified":"2024-05-13T22:50:42","modified_gmt":"2024-05-13T20:50:42","slug":"themes","status":"publish","type":"page","link":"https:\/\/chemin-de-vie.be\/index.php\/themes\/","title":{"rendered":"Th\u00e8mes"},"content":{"rendered":"\n<figure class=\"wp-block-image size-full is-resized\"><img loading=\"lazy\" decoding=\"async\" width=\"594\" height=\"698\" src=\"https:\/\/chemin-de-vie.be\/wp-content\/uploads\/2024\/05\/Tortue.png\" alt=\"\" class=\"wp-image-149\" style=\"width:121px;height:auto\" srcset=\"https:\/\/chemin-de-vie.be\/wp-content\/uploads\/2024\/05\/Tortue.png 594w, https:\/\/chemin-de-vie.be\/wp-content\/uploads\/2024\/05\/Tortue-255x300.png 255w\" sizes=\"auto, (max-width: 594px) 100vw, 594px\" \/><\/figure>\n\n\n\n<p>Il existe de multiples supports sur la voie de la connaissance de soi et du monde. En fonction des \u00e9poques et des civilisations, les lettres et symboles varient, et ont souvent un sens cach\u00e9, r\u00e9serv\u00e9 \u00e0 ceux que l\u2019on dit \u00ab&nbsp;initi\u00e9s&nbsp;\u00bb. C\u2019est-\u00e0-dire, ceux qui les ont appris et int\u00e9gr\u00e9s, exp\u00e9riment\u00e9s.<\/p>\n\n\n\n<p>On peut trouver de nombreuses correspondances entre ces diverses voies de par le monde, puisque l\u2019humain, \u00e0 travers son exp\u00e9rience sur terre, a de tout temps d\u00fb donner du sens \u00e0 des ph\u00e9nom\u00e8nes communs, tels que le rythme des saisons, la vie, la mort, ou les \u00e9preuves.<\/p>\n\n\n\n<p>Le Yi Jing et les Runes sont les deux voies principales qui se sont pr\u00e9sent\u00e9es sur mon chemin, et que je comprends et ressens suffisamment pour en t\u00e9moigner.<\/p>\n\n\n\n<p>De deux origines totalement diff\u00e9rentes, ces voies nous parlent d\u2019un point de vue sp\u00e9cifique.<\/p>\n\n\n\n<p>Le Yi Jing est issu de la Chine ancienne, et est selon moi tr\u00e8s pragmatique, r\u00e9pondant tr\u00e8s pr\u00e9cis\u00e9ment \u00e0 des questions de choix, comme un \u00ab&nbsp;Art de la Guerre&nbsp;\u00bb.<\/p>\n\n\n\n<p>Les runes viennent de la vieille tradition germano-scandinave, du Nord, un monde un peu sombre, o\u00f9 le climat est souvent rude. Elles vont nous chercher dans ce qui dort, ce qui demande \u00e0 \u00eatre r\u00e9veill\u00e9.<\/p>\n\n\n\n<p>Laissez-les vous parler\u2026<br><br><\/p>\n\n\n\n<figure class=\"wp-block-gallery has-nested-images columns-default is-cropped wp-block-gallery-1 is-layout-flex wp-block-gallery-is-layout-flex\">\n<figure class=\"wp-block-image size-full\"><a href=\"https:\/\/chemin-de-vie.be\/index.php\/yi-jing\/\"><img loading=\"lazy\" decoding=\"async\" width=\"902\" height=\"1224\" data-id=\"145\" src=\"https:\/\/chemin-de-vie.be\/wp-content\/uploads\/2024\/05\/Capture-decran-2024-05-12-a-23.36.23.png\" alt=\"\" class=\"wp-image-145\" srcset=\"https:\/\/chemin-de-vie.be\/wp-content\/uploads\/2024\/05\/Capture-decran-2024-05-12-a-23.36.23.png 902w, https:\/\/chemin-de-vie.be\/wp-content\/uploads\/2024\/05\/Capture-decran-2024-05-12-a-23.36.23-221x300.png 221w, https:\/\/chemin-de-vie.be\/wp-content\/uploads\/2024\/05\/Capture-decran-2024-05-12-a-23.36.23-755x1024.png 755w, https:\/\/chemin-de-vie.be\/wp-content\/uploads\/2024\/05\/Capture-decran-2024-05-12-a-23.36.23-768x1042.png 768w\" sizes=\"auto, (max-width: 902px) 100vw, 902px\" \/><\/a><\/figure>\n\n\n\n<figure class=\"wp-block-image size-large\"><a href=\"https:\/\/chemin-de-vie.be\/index.php\/runes\/\"><img loading=\"lazy\" decoding=\"async\" width=\"653\" height=\"1024\" data-id=\"147\" src=\"https:\/\/chemin-de-vie.be\/wp-content\/uploads\/2024\/05\/Capture-decran-2024-05-12-a-23.40.16-653x1024.png\" alt=\"\" class=\"wp-image-147\" srcset=\"https:\/\/chemin-de-vie.be\/wp-content\/uploads\/2024\/05\/Capture-decran-2024-05-12-a-23.40.16-653x1024.png 653w, https:\/\/chemin-de-vie.be\/wp-content\/uploads\/2024\/05\/Capture-decran-2024-05-12-a-23.40.16-191x300.png 191w, https:\/\/chemin-de-vie.be\/wp-content\/uploads\/2024\/05\/Capture-decran-2024-05-12-a-23.40.16-768x1205.png 768w, https:\/\/chemin-de-vie.be\/wp-content\/uploads\/2024\/05\/Capture-decran-2024-05-12-a-23.40.16.png 872w\" sizes=\"auto, (max-width: 653px) 100vw, 653px\" \/><\/a><\/figure>\n<\/figure>\n","protected":false},"excerpt":{"rendered":"<p>Il existe de multiples supports sur la voie de la connaissance de soi et du monde. En fonction des \u00e9poques et des civilisations, les lettres et symboles varient, et ont souvent un sens cach\u00e9, r\u00e9serv\u00e9 \u00e0 ceux que l\u2019on dit \u00ab&nbsp;initi\u00e9s&nbsp;\u00bb. C\u2019est-\u00e0-dire, ceux qui les ont appris et int\u00e9gr\u00e9s, exp\u00e9riment\u00e9s. On peut trouver de nombreuses [&hellip;]<\/p>\n","protected":false},"author":1,"featured_media":0,"parent":0,"menu_order":0,"comment_status":"closed","ping_status":"closed","template":"","meta":{"footnotes":""},"class_list":["post-111","page","type-page","status-publish","hentry"],"_links":{"self":[{"href":"https:\/\/chemin-de-vie.be\/index.php\/wp-json\/wp\/v2\/pages\/111","targetHints":{"allow":["GET"]}}],"collection":[{"href":"https:\/\/chemin-de-vie.be\/index.php\/wp-json\/wp\/v2\/pages"}],"about":[{"href":"https:\/\/chemin-de-vie.be\/index.php\/wp-json\/wp\/v2\/types\/page"}],"author":[{"embeddable":true,"href":"https:\/\/chemin-de-vie.be\/index.php\/wp-json\/wp\/v2\/users\/1"}],"replies":[{"embeddable":true,"href":"https:\/\/chemin-de-vie.be\/index.php\/wp-json\/wp\/v2\/comments?post=111"}],"version-history":[{"count":9,"href":"https:\/\/chemin-de-vie.be\/index.php\/wp-json\/wp\/v2\/pages\/111\/revisions"}],"predecessor-version":[{"id":165,"href":"https:\/\/chemin-de-vie.be\/index.php\/wp-json\/wp\/v2\/pages\/111\/revisions\/165"}],"wp:attachment":[{"href":"https:\/\/chemin-de-vie.be\/index.php\/wp-json\/wp\/v2\/media?parent=111"}],"curies":[{"name":"wp","href":"https:\/\/api.w.org\/{rel}","templated":true}]}}